{"id":15,"date":"2019-10-01T13:16:29","date_gmt":"2019-10-01T18:16:29","guid":{"rendered":"http:\/\/import.getbowtied.com\/merchandiser-v1.1\/?page_id=15"},"modified":"2019-11-18T12:33:00","modified_gmt":"2019-11-18T17:33:00","slug":"home-v1","status":"publish","type":"page","link":"https:\/\/www.industriapautex.com\/","title":{"rendered":"Inicio"},"content":{"rendered":"<p>[vc_row full_width=\u00bbstretch_row_content_no_spaces\u00bb full_height=\u00bbyes\u00bb css=\u00bb.vc_custom_1572370183459{margin-bottom: 0px !important;}\u00bb][vc_column css=\u00bb.vc_custom_1453372741963{padding-top: 0px !important;padding-bottom: 0px !important;}\u00bb]\n\n\t\t<div class=\"shortcode_getbowtied_slider swiper-container full_height\" style=\" width: 100%\">\n\t\t\t<div class=\"swiper-wrapper\">\n\t\t\t\n\t\t\t<div class=\"swiper-slide center-align\"\n\t\t\tstyle=\t\"background: #bbe1e2 url(https:\/\/www.industriapautex.com\/wp-content\/uploads\/2019\/11\/EMENU1_edredon_algodon_rojo-1.jpg) center center no-repeat ;\n\t\t\t\t\t-webkit-background-size: cover;\n\t\t\t\t\t-moz-background-size: cover;\n\t\t\t\t\t-o-background-size: cover;\n\t\t\t\t\tbackground-size: cover;\n\t\t\t\t\tcolor: #ffffff\">\n\t\t\t\t\n\t\t\t\t<div class=\"slider-content\" data-swiper-parallax=\"-1000\">\n\t\t\t\t\t<div class=\"slider-content-wrapper\">\n\t\t\t\t\t\t<h1 class=\"primary_font\" style=\"color:#ffffff; font-size:74px; line-height: 74px\">Nueva Colecci\u00f3n<\/h1>\n\t\t\t\t\t\t<p class=\"primary_font\" style=\"color:#ffffff; font-size:18px; line-height: 18px\">Env\u00edos a todo en mundo!<\/p>\n\t\t\t\t\t\t<a class=\"button\" style=\"color:#000000; background: #ffffff\" href=\"http:\/\/www.industriapautex.com\/index.php\/shop\/\">Compra ahora!<\/a>\n\t\t\t\t\t<\/div>\n\t\t\t\t<\/div>\n\t\t\t<\/div>\n\t\t\t<div class=\"swiper-slide center-align\"\n\t\t\tstyle=\t\"background: #f7f7f7 url(https:\/\/www.industriapautex.com\/wp-content\/uploads\/2019\/11\/EMENU2_edredon_algodon_estampado_flores.jpg) center center no-repeat ;\n\t\t\t\t\t-webkit-background-size: cover;\n\t\t\t\t\t-moz-background-size: cover;\n\t\t\t\t\t-o-background-size: cover;\n\t\t\t\t\tbackground-size: cover;\n\t\t\t\t\tcolor: #ba7878\">\n\t\t\t\t\n\t\t\t\t<div class=\"slider-content\" data-swiper-parallax=\"-1000\">\n\t\t\t\t\t<div class=\"slider-content-wrapper\">\n\t\t\t\t\t\t<h1 class=\"primary_font\" style=\"color:#ba7878; font-size:64px; line-height: 64px\">Cl\u00e1sicos Imprescindibles<\/h1>\n\t\t\t\t\t\t\n\t\t\t\t\t\t<a class=\"button\" style=\"color:#7c7c7c; background: #f4eade\" href=\"http:\/\/www.industriapautex.com\/index.php\/shop\/\">Compra ahora!<\/a>\n\t\t\t\t\t<\/div>\n\t\t\t\t<\/div>\n\t\t\t<\/div>\n\t\t\t<div class=\"swiper-slide center-align\"\n\t\t\tstyle=\t\"background: #CCCCCC url(https:\/\/www.industriapautex.com\/wp-content\/uploads\/2019\/11\/EMENU1_edredon_algodon_rojo-3.jpg) center center no-repeat ;\n\t\t\t\t\t-webkit-background-size: cover;\n\t\t\t\t\t-moz-background-size: cover;\n\t\t\t\t\t-o-background-size: cover;\n\t\t\t\t\tbackground-size: cover;\n\t\t\t\t\tcolor: #000000\">\n\t\t\t\t<a href=\"#\" class=\"fullslidelink\"><\/a>\n\t\t\t\t<div class=\"slider-content\" data-swiper-parallax=\"-1000\">\n\t\t\t\t\t<div class=\"slider-content-wrapper\">\n\t\t\t\t\t\t<h1 class=\"primary_font\" style=\"color:#000000; font-size:100px; line-height: 100px\">Nuevos arribos<\/h1>\n\t\t\t\t\t\t\n\t\t\t\t\t\t\n\t\t\t\t\t<\/div>\n\t\t\t\t<\/div>\n\t\t\t<\/div>\n\t\t\t<\/div>\n\t\t\t\t<div class=\"quickview-pagination\"><\/div><\/div>[\/vc_column][\/vc_row][vc_row full_width=\u00bbstretch_row_content_no_spaces\u00bb full_height=\u00bbyes\u00bb equal_height=\u00bbyes\u00bb content_placement=\u00bbtop\u00bb parallax=\u00bbcontent-moving-fade\u00bb css_animation=\u00bbfadeInDown\u00bb css=\u00bb.vc_custom_1573516122893{margin-bottom: 0px !important;border-top-width: 0px !important;border-right-width: 0px !important;border-bottom-width: 0px !important;border-left-width: 0px !important;padding-top: 0% !important;padding-bottom: 0% !important;}\u00bb][vc_column css=\u00bb.vc_custom_1573555665459{margin-right: 0px !important;border-right-width: 0px !important;padding-right: 0px !important;}\u00bb]<h1 class=\"shortcode_title main_font \" style=\"font-size:64;text-align:center;color:#c21919;\" >Nuevo En La Tienda<\/h1><div class=\"categories_layout_default\">\n\n\t<div class=\"woocommerce\">\n\t\t\t\n\t\t<ul id=\"masonry_grid\" class=\"shortcode_products visible products masonry_columns_3\"  data-columns>\n\n\t\t\t\n\t\t\t\t\n\t\t\t\t\t<li class=\"category_item\">\n\t\t\t\t\t\t\n\t\t\t\t\t\t<div class=\"category_thumbnail\">\n\t\t\t\t\t\t\t<a href=\"https:\/\/www.industriapautex.com\/index.php\/categoria-producto\/toallas\/\">\n\t\t\t\t\t\t\t\t<img decoding=\"async\" src=\"https:\/\/www.industriapautex.com\/wp-content\/uploads\/2019\/11\/toalla_de_algodon_blanca_ba\u00f1o_ni\u00f1os_aduto_pautex-1.jpg\" alt=\"toallas\" \/> \n\t\t\t\t\t\t\t<\/a>\n\t\t\t\t\t\t<\/div>\n\t\t\t\t\t\t\n\t\t\t\t\t\t<div class=\"category_name\">\n\t\t\t\t\t\t\t<a href=\"https:\/\/www.industriapautex.com\/index.php\/categoria-producto\/toallas\/\">\n\t\t\t\t\t\t\t\tToallas <span class=\"count\">19<\/span>\n\t\t\t\t\t\t\t<\/a>\n\t\t\t\t\t\t<\/div>\n\n\t\t\t\t\t<\/li>\n\n\t\t\t\t\n\t\t\t\n\t\t\t\t\n\t\t\t\t\t<li class=\"category_item\">\n\t\t\t\t\t\t\n\t\t\t\t\t\t<div class=\"category_thumbnail\">\n\t\t\t\t\t\t\t<a href=\"https:\/\/www.industriapautex.com\/index.php\/categoria-producto\/sabanas\/\">\n\t\t\t\t\t\t\t\t<img decoding=\"async\" src=\"https:\/\/www.industriapautex.com\/wp-content\/uploads\/2019\/11\/sabana_blanca_estampada.jpg\" alt=\"sabanas\" \/> \n\t\t\t\t\t\t\t<\/a>\n\t\t\t\t\t\t<\/div>\n\t\t\t\t\t\t\n\t\t\t\t\t\t<div class=\"category_name\">\n\t\t\t\t\t\t\t<a href=\"https:\/\/www.industriapautex.com\/index.php\/categoria-producto\/sabanas\/\">\n\t\t\t\t\t\t\t\tS\u00e1banas <span class=\"count\">7<\/span>\n\t\t\t\t\t\t\t<\/a>\n\t\t\t\t\t\t<\/div>\n\n\t\t\t\t\t<\/li>\n\n\t\t\t\t\n\t\t\t\n\t\t\t\t\n\t\t\t\t\t<li class=\"category_item\">\n\t\t\t\t\t\t\n\t\t\t\t\t\t<div class=\"category_thumbnail\">\n\t\t\t\t\t\t\t<a href=\"https:\/\/www.industriapautex.com\/index.php\/categoria-producto\/oferta\/\">\n\t\t\t\t\t\t\t\t<img decoding=\"async\" src=\"https:\/\/www.industriapautex.com\/wp-content\/uploads\/2019\/11\/oferta_pautex_toallas_sabanas_cortinas_matel_edredomn-1.jpg\" alt=\"oferta\" \/> \n\t\t\t\t\t\t\t<\/a>\n\t\t\t\t\t\t<\/div>\n\t\t\t\t\t\t\n\t\t\t\t\t\t<div class=\"category_name\">\n\t\t\t\t\t\t\t<a href=\"https:\/\/www.industriapautex.com\/index.php\/categoria-producto\/oferta\/\">\n\t\t\t\t\t\t\t\tOferta <span class=\"count\">4<\/span>\n\t\t\t\t\t\t\t<\/a>\n\t\t\t\t\t\t<\/div>\n\n\t\t\t\t\t<\/li>\n\n\t\t\t\t\n\t\t\t\n\t\t\t\t\n\t\t\t\t\t<li class=\"category_item\">\n\t\t\t\t\t\t\n\t\t\t\t\t\t<div class=\"category_thumbnail\">\n\t\t\t\t\t\t\t<a href=\"https:\/\/www.industriapautex.com\/index.php\/categoria-producto\/manteles\/\">\n\t\t\t\t\t\t\t\t<img decoding=\"async\" src=\"https:\/\/www.industriapautex.com\/wp-content\/uploads\/2019\/11\/mantel_estampado_pautex-1.jpg\" alt=\"manteles\" \/> \n\t\t\t\t\t\t\t<\/a>\n\t\t\t\t\t\t<\/div>\n\t\t\t\t\t\t\n\t\t\t\t\t\t<div class=\"category_name\">\n\t\t\t\t\t\t\t<a href=\"https:\/\/www.industriapautex.com\/index.php\/categoria-producto\/manteles\/\">\n\t\t\t\t\t\t\t\tManteles <span class=\"count\">7<\/span>\n\t\t\t\t\t\t\t<\/a>\n\t\t\t\t\t\t<\/div>\n\n\t\t\t\t\t<\/li>\n\n\t\t\t\t\n\t\t\t\n\t\t\t\t\n\t\t\t\t\t<li class=\"category_item\">\n\t\t\t\t\t\t\n\t\t\t\t\t\t<div class=\"category_thumbnail\">\n\t\t\t\t\t\t\t<a href=\"https:\/\/www.industriapautex.com\/index.php\/categoria-producto\/escolar\/\">\n\t\t\t\t\t\t\t\t<img decoding=\"async\" src=\"https:\/\/www.industriapautex.com\/wp-content\/plugins\/woocommerce\/assets\/images\/placeholder.png\" alt=\"escolar\" \/> \n\t\t\t\t\t\t\t<\/a>\n\t\t\t\t\t\t<\/div>\n\t\t\t\t\t\t\n\t\t\t\t\t\t<div class=\"category_name\">\n\t\t\t\t\t\t\t<a href=\"https:\/\/www.industriapautex.com\/index.php\/categoria-producto\/escolar\/\">\n\t\t\t\t\t\t\t\tEscolar <span class=\"count\">1<\/span>\n\t\t\t\t\t\t\t<\/a>\n\t\t\t\t\t\t<\/div>\n\n\t\t\t\t\t<\/li>\n\n\t\t\t\t\n\t\t\t\n\t\t\t\t\n\t\t\t\t\t<li class=\"category_item\">\n\t\t\t\t\t\t\n\t\t\t\t\t\t<div class=\"category_thumbnail\">\n\t\t\t\t\t\t\t<a href=\"https:\/\/www.industriapautex.com\/index.php\/categoria-producto\/edredones\/\">\n\t\t\t\t\t\t\t\t<img decoding=\"async\" src=\"https:\/\/www.industriapautex.com\/wp-content\/uploads\/2019\/11\/edredon_pautex_lila_suave-2.jpg\" alt=\"edredones\" \/> \n\t\t\t\t\t\t\t<\/a>\n\t\t\t\t\t\t<\/div>\n\t\t\t\t\t\t\n\t\t\t\t\t\t<div class=\"category_name\">\n\t\t\t\t\t\t\t<a href=\"https:\/\/www.industriapautex.com\/index.php\/categoria-producto\/edredones\/\">\n\t\t\t\t\t\t\t\tEdredones <span class=\"count\">12<\/span>\n\t\t\t\t\t\t\t<\/a>\n\t\t\t\t\t\t<\/div>\n\n\t\t\t\t\t<\/li>\n\n\t\t\t\t\n\t\t\t\n\t\t\t\t\n\t\t\t\t\t<li class=\"category_item\">\n\t\t\t\t\t\t\n\t\t\t\t\t\t<div class=\"category_thumbnail\">\n\t\t\t\t\t\t\t<a href=\"https:\/\/www.industriapautex.com\/index.php\/categoria-producto\/cortinas\/\">\n\t\t\t\t\t\t\t\t<img decoding=\"async\" src=\"https:\/\/www.industriapautex.com\/wp-content\/uploads\/2019\/11\/cortinas_de_algodon_pautex_roja-2.jpg\" alt=\"cortinas\" \/> \n\t\t\t\t\t\t\t<\/a>\n\t\t\t\t\t\t<\/div>\n\t\t\t\t\t\t\n\t\t\t\t\t\t<div class=\"category_name\">\n\t\t\t\t\t\t\t<a href=\"https:\/\/www.industriapautex.com\/index.php\/categoria-producto\/cortinas\/\">\n\t\t\t\t\t\t\t\tCortinas <span class=\"count\">9<\/span>\n\t\t\t\t\t\t\t<\/a>\n\t\t\t\t\t\t<\/div>\n\n\t\t\t\t\t<\/li>\n\n\t\t\t\t\n\t\t\t\n\t\t<\/ul>\n\t\t\n\t<\/div>\n\n<\/div>[\/vc_column][\/vc_row][vc_row css=\u00bb.vc_custom_1573835738243{margin-top: 0px !important;margin-bottom: 0px !important;border-top-width: 0px !important;border-bottom-width: 0px !important;padding-top: 0px !important;padding-bottom: 0px !important;}\u00bb][vc_column width=\u00bb1\/2&#8243;][vc_hoverbox image=\u00bb1566&#8243; primary_title=\u00bb\u00bb hover_title=\u00bbPautex\u00bb hover_background_color=\u00bbwhite\u00bb el_width=\u00bb90&#8243; reverse=\u00bbtrue\u00bb]<\/p>\n<h3 style=\"text-align: justify;\">Es una empresa con mas de 10 a\u00f1os de experiencia, desde sus inicios atrajo r\u00e1pidamente a importantes clientes por su nivel de servicio y gran variedad de productos. Nos reinventamos para lograr capacidad de atenci\u00f3n contando con telas de la mejor calidad contribuyendo as\u00ed al progreso del mercado textil del Ecuador.<\/h3>\n<p>[\/vc_hoverbox][\/vc_column][vc_column width=\u00bb1\/2&#8243;][vc_hoverbox image=\u00bb1451&#8243; primary_title=\u00bb\u00bb hover_title=\u00bbEdredones de Calidad\u00bb hover_background_color=\u00bbwhite\u00bb el_width=\u00bb90&#8243;]<\/p>\n<h3 style=\"text-align: justify;\">Edredones que mantienen su volumen y son totalmente transpirables, extra suaves al contacto que sentir\u00e1s una comodidad y suavidad incomparable. De f\u00e1cil mantenimiento, es lavable en m\u00e1quina y puedes secar en secadora, siempre que uses temperatura y velocidad baja.<\/h3>\n<p>[\/vc_hoverbox][\/vc_column][\/vc_row][vc_row css=\u00bb.vc_custom_1573835738243{margin-top: 0px !important;margin-bottom: 0px !important;border-top-width: 0px !important;border-bottom-width: 0px !important;padding-top: 0px !important;padding-bottom: 0px !important;}\u00bb][vc_column][vc_gmaps link=\u00bb#E-8_JTNDaWZyYW1lJTIwc3JjJTNEJTIyaHR0cHMlM0ElMkYlMkZ3d3cuZ29vZ2xlLmNvbSUyRm1hcHMlMkZlbWJlZCUzRnBiJTNEJTIxMW0xOCUyMTFtMTIlMjExbTMlMjExZDk0ODIuNDcxNTgxODQzMTIxJTIxMmQtNzkuOTAwMjI2OTM0NjA1JTIxM2QtMi4xOTU5OTc0NDExNDEzMiUyMTJtMyUyMTFmMCUyMTJmMCUyMTNmMCUyMTNtMiUyMTFpMTAyNCUyMTJpNzY4JTIxNGYxMy4xJTIxM20zJTIxMW0yJTIxMXMweDkwMmQ2ZTZmZjI2OWU5MTMlMjUzQTB4OWEwM2IyOTRhMzEwZGY3YSUyMTJzQ2FjaXF1ZSUyNTIwQWx2YXJleiUyNTIwNDEwJTI1MkMlMjUyMEd1YXlhcXVpbCUyNTIwMDkwMzE0JTIxNWUwJTIxM20yJTIxMXNlcyUyMTJzZWMlMjE0djE1NzIzOTc4NzYyMTYlMjE1bTIlMjExc2VzJTIxMnNlYyUyMiUyMHdpZHRoJTNEJTIyNjAwJTIyJTIwaGVpZ2h0JTNEJTIyNDUwJTIyJTIwZnJhbWVib3JkZXIlM0QlMjIwJTIyJTIwc3R5bGUlM0QlMjJib3JkZXIlM0EwJTNCJTIyJTIwYWxsb3dmdWxsc2NyZWVuJTNEJTIyJTIyJTNFJTNDJTJGaWZyYW1lJTNF\u00bb][\/vc_column][\/vc_row]<\/p>\n","protected":false},"excerpt":{"rendered":"<p>[vc_row full_width=\u00bbstretch_row_content_no_spaces\u00bb full_height=\u00bbyes\u00bb css=\u00bb.vc_custom_1572370183459{margin-bottom: 0px !important;}\u00bb][vc_column css=\u00bb.vc_custom_1453372741963{padding-top: 0px !important;padding-bottom: 0px !important;}\u00bb][\/vc_column][\/vc_row][vc_row full_width=\u00bbstretch_row_content_no_spaces\u00bb full_height=\u00bbyes\u00bb equal_height=\u00bbyes\u00bb content_placement=\u00bbtop\u00bb&#8230;<\/p>\n","protected":false},"author":1,"featured_media":0,"parent":0,"menu_order":0,"comment_status":"closed","ping_status":"closed","template":"","meta":{"footnotes":""},"class_list":["post-15","page","type-page","status-publish","hentry"],"_links":{"self":[{"href":"https:\/\/www.industriapautex.com\/index.php\/wp-json\/wp\/v2\/pages\/15","targetHints":{"allow":["GET"]}}],"collection":[{"href":"https:\/\/www.industriapautex.com\/index.php\/wp-json\/wp\/v2\/pages"}],"about":[{"href":"https:\/\/www.industriapautex.com\/index.php\/wp-json\/wp\/v2\/types\/page"}],"author":[{"embeddable":true,"href":"https:\/\/www.industriapautex.com\/index.php\/wp-json\/wp\/v2\/users\/1"}],"replies":[{"embeddable":true,"href":"https:\/\/www.industriapautex.com\/index.php\/wp-json\/wp\/v2\/comments?post=15"}],"version-history":[{"count":271,"href":"https:\/\/www.industriapautex.com\/index.php\/wp-json\/wp\/v2\/pages\/15\/revisions"}],"predecessor-version":[{"id":1622,"href":"https:\/\/www.industriapautex.com\/index.php\/wp-json\/wp\/v2\/pages\/15\/revisions\/1622"}],"wp:attachment":[{"href":"https:\/\/www.industriapautex.com\/index.php\/wp-json\/wp\/v2\/media?parent=15"}],"curies":[{"name":"wp","href":"https:\/\/api.w.org\/{rel}","templated":true}]}}