{"id":93,"date":"2019-10-01T08:56:53","date_gmt":"2019-10-01T13:56:53","guid":{"rendered":"http:\/\/import.getbowtied.com\/merchandiser-v1.1\/?page_id=93"},"modified":"2019-11-18T12:32:42","modified_gmt":"2019-11-18T17:32:42","slug":"blog","status":"publish","type":"page","link":"https:\/\/www.industriapautex.com\/index.php\/blog\/","title":{"rendered":"Blog"},"content":{"rendered":"<p>[vc_row css=\u00bb.vc_custom_1573933778695{background-color: #ffffff !important;}\u00bb][vc_column width=\u00bb2\/3&#8243;]<h2 class=\"shortcode_title secondary_font \" style=\"font-size:35px;text-align:center;color:#c21919;\" >Edredones<\/h2>[vc_column_text css=\u00bb.vc_custom_1574016716012{margin-bottom: 0px !important;}\u00bb]<\/p>\n<h3 style=\"text-align: justify;\">El edred\u00f3n una prenda acolchada, m\u00e1s o menos gruesa, rellena de fibra sint\u00e9tica u otro. Cubre las s\u00e1banas y mantas de una cama, no siente el peso, da calidez. Los edredones son excepcionales aislantes formados por piezas de tela acolchada que protegen nuestro cuerpo, al tiempo que embellecen el espacio.<\/h3>\n<p>[\/vc_column_text][\/vc_column][vc_column width=\u00bb1\/3&#8243;]\n\n\t\t<div class=\"shortcode_getbowtied_slider swiper-container \" style=\"height:250px; width: 100%\">\n\t\t\t<div class=\"swiper-wrapper\">\n\t\t\t\n\t\t\t<div class=\"swiper-slide center-align\"\n\t\t\tstyle=\t\"background: #ffffff url(https:\/\/www.industriapautex.com\/wp-content\/uploads\/2019\/11\/edredon_pautex_estampado_celeste.jpg) center center no-repeat ;\n\t\t\t\t\t-webkit-background-size: cover;\n\t\t\t\t\t-moz-background-size: cover;\n\t\t\t\t\t-o-background-size: cover;\n\t\t\t\t\tbackground-size: cover;\n\t\t\t\t\tcolor: #ffffff\">\n\t\t\t\t\n\t\t\t\t<div class=\"slider-content\" data-swiper-parallax=\"-1000\">\n\t\t\t\t\t<div class=\"slider-content-wrapper\">\n\t\t\t\t\t\t\n\t\t\t\t\t\t\n\t\t\t\t\t\t\n\t\t\t\t\t<\/div>\n\t\t\t\t<\/div>\n\t\t\t<\/div>\n\t\t\t<div class=\"swiper-slide center-align\"\n\t\t\tstyle=\t\"background: #ffffff url(https:\/\/www.industriapautex.com\/wp-content\/uploads\/2019\/11\/edredon_pautex_estampado_flores.jpg) center center no-repeat ;\n\t\t\t\t\t-webkit-background-size: cover;\n\t\t\t\t\t-moz-background-size: cover;\n\t\t\t\t\t-o-background-size: cover;\n\t\t\t\t\tbackground-size: cover;\n\t\t\t\t\tcolor: #ffffff\">\n\t\t\t\t\n\t\t\t\t<div class=\"slider-content\" data-swiper-parallax=\"-1000\">\n\t\t\t\t\t<div class=\"slider-content-wrapper\">\n\t\t\t\t\t\t\n\t\t\t\t\t\t\n\t\t\t\t\t\t\n\t\t\t\t\t<\/div>\n\t\t\t\t<\/div>\n\t\t\t<\/div>\n\t\t\t<div class=\"swiper-slide center-align\"\n\t\t\tstyle=\t\"background: #ffffff url(https:\/\/www.industriapautex.com\/wp-content\/uploads\/2019\/11\/edredon_estampado_pautex_blanco.jpg) center center no-repeat ;\n\t\t\t\t\t-webkit-background-size: cover;\n\t\t\t\t\t-moz-background-size: cover;\n\t\t\t\t\t-o-background-size: cover;\n\t\t\t\t\tbackground-size: cover;\n\t\t\t\t\tcolor: #ffffff\">\n\t\t\t\t\n\t\t\t\t<div class=\"slider-content\" data-swiper-parallax=\"-1000\">\n\t\t\t\t\t<div class=\"slider-content-wrapper\">\n\t\t\t\t\t\t\n\t\t\t\t\t\t\n\t\t\t\t\t\t\n\t\t\t\t\t<\/div>\n\t\t\t\t<\/div>\n\t\t\t<\/div>\n\t\t\t<\/div>\n\t\t\t\t<div class=\"swiper-button-prev\"><\/div>\n    \t\t\t<div class=\"swiper-button-next\"><\/div>\n\t\t\t\t<div class=\"quickview-pagination\"><\/div><\/div>[\/vc_column][\/vc_row][vc_row css=\u00bb.vc_custom_1573933778695{background-color: #ffffff !important;}\u00bb][vc_column width=\u00bb2\/3&#8243;]<h2 class=\"shortcode_title main_font \" style=\"font-size:35px;text-align:center;color:#c21919;\" >S\u00e1banas<\/h2>[vc_column_text css=\u00bb.vc_custom_1574016901183{margin-bottom: 0px !important;}\u00bb]<\/p>\n<h3 style=\"text-align: justify;\">Las s\u00e1banas son esenciales para nuestra cama, nos sirven poder cubrirla. Sus piezas son importantes ya que estar\u00e1n m\u00e1s en contacto con nuestro cuerpo, constan de 3 piezas: \u201cs\u00e1bana bajera\u201d, \u201cs\u00e1bana encimera\u201d y \u201cfunda de almohada\u201d.<br \/>\nHablando de sus dise\u00f1os nos encontramos con centenares de estampados y colores. Dentro de los estampados tenemos gran variedad, los comunes son formas geom\u00e9tricas(cuadros, rayas, c\u00edrculos, etc.), si quieres salir de los convencional puedes optar por un estampado natural(flores, hojas, animales, etc.). Las s\u00e1banas le dar\u00e1n un toque fresco y de color a tu hogar.<\/h3>\n<p>[\/vc_column_text][\/vc_column][vc_column width=\u00bb1\/3&#8243;][vc_posts_slider type=\u00bbnivo\u00bb count=\u00bb3&#8243; interval=\u00bb3&#8243; posttypes=\u00bbproduct\u00bb][\/vc_column][\/vc_row][vc_row css=\u00bb.vc_custom_1573933778695{background-color: #ffffff !important;}\u00bb][vc_column width=\u00bb2\/3&#8243;]<h2 class=\"shortcode_title main_font \" style=\"font-size:35px;text-align:center;color:#c21919;\" >Cortinas<\/h2>[vc_column_text css=\u00bb.vc_custom_1574016981636{margin-bottom: 0px !important;}\u00bb]<\/p>\n<h3 style=\"text-align: justify;\">La cortina la cual viste la ventana puede ser de tela o de otro material flexible y ligero, podemos encontrar varios tejidos que se adaptan a cada necesidad. Existen gran variedad de cortinas desde el\u00a0lino perfecto hasta otras telas de gran calidad que se limpian solo con agua. Antes de decidirte por el modelo ideal de cortina para tu casa, busca telas que vayan acorde a tu decoraci\u00f3n y adem\u00e1s de la calidad busca que la ca\u00edda tenga mucha presencia, ten en cuenta de no tapar la claridad de la ventana.<\/h3>\n<p>[\/vc_column_text][\/vc_column][vc_column width=\u00bb1\/3&#8243;]\n\n\t\t<div class=\"shortcode_getbowtied_slider swiper-container \" style=\"height:250px; width: 100%\">\n\t\t\t<div class=\"swiper-wrapper\">\n\t\t\t\n\t\t\t<div class=\"swiper-slide center-align\"\n\t\t\tstyle=\t\"background: #ffffff url(https:\/\/www.industriapautex.com\/wp-content\/uploads\/2019\/11\/cortinas_de_algodon_pautex_gris-2.jpg) center center no-repeat ;\n\t\t\t\t\t-webkit-background-size: cover;\n\t\t\t\t\t-moz-background-size: cover;\n\t\t\t\t\t-o-background-size: cover;\n\t\t\t\t\tbackground-size: cover;\n\t\t\t\t\tcolor: #ffffff\">\n\t\t\t\t\n\t\t\t\t<div class=\"slider-content\" data-swiper-parallax=\"-1000\">\n\t\t\t\t\t<div class=\"slider-content-wrapper\">\n\t\t\t\t\t\t\n\t\t\t\t\t\t\n\t\t\t\t\t\t\n\t\t\t\t\t<\/div>\n\t\t\t\t<\/div>\n\t\t\t<\/div>\n\t\t\t<div class=\"swiper-slide center-align\"\n\t\t\tstyle=\t\"background: #ffffff url(https:\/\/www.industriapautex.com\/wp-content\/uploads\/2019\/11\/cortinas_de_algodon_pautex_lila.jpg) center center no-repeat ;\n\t\t\t\t\t-webkit-background-size: cover;\n\t\t\t\t\t-moz-background-size: cover;\n\t\t\t\t\t-o-background-size: cover;\n\t\t\t\t\tbackground-size: cover;\n\t\t\t\t\tcolor: #ffffff\">\n\t\t\t\t\n\t\t\t\t<div class=\"slider-content\" data-swiper-parallax=\"-1000\">\n\t\t\t\t\t<div class=\"slider-content-wrapper\">\n\t\t\t\t\t\t\n\t\t\t\t\t\t\n\t\t\t\t\t\t\n\t\t\t\t\t<\/div>\n\t\t\t\t<\/div>\n\t\t\t<\/div>\n\t\t\t<div class=\"swiper-slide center-align\"\n\t\t\tstyle=\t\"background: #ffffff url(https:\/\/www.industriapautex.com\/wp-content\/uploads\/2019\/11\/cortinas_de_algodon_pautex_dorada_gold.jpg) center center no-repeat ;\n\t\t\t\t\t-webkit-background-size: cover;\n\t\t\t\t\t-moz-background-size: cover;\n\t\t\t\t\t-o-background-size: cover;\n\t\t\t\t\tbackground-size: cover;\n\t\t\t\t\tcolor: #ffffff\">\n\t\t\t\t\n\t\t\t\t<div class=\"slider-content\" data-swiper-parallax=\"-1000\">\n\t\t\t\t\t<div class=\"slider-content-wrapper\">\n\t\t\t\t\t\t\n\t\t\t\t\t\t\n\t\t\t\t\t\t\n\t\t\t\t\t<\/div>\n\t\t\t\t<\/div>\n\t\t\t<\/div>\n\t\t\t<\/div>\n\t\t\t\t<div class=\"swiper-button-prev\"><\/div>\n    \t\t\t<div class=\"swiper-button-next\"><\/div>\n\t\t\t\t<div class=\"quickview-pagination\"><\/div><\/div>[\/vc_column][\/vc_row][vc_row css=\u00bb.vc_custom_1573933778695{background-color: #ffffff !important;}\u00bb][vc_column width=\u00bb2\/3&#8243;]<h2 class=\"shortcode_title main_font \" style=\"font-size:35px;text-align:center;color:#c21919;\" >Manteles<\/h2>[vc_column_text css=\u00bb.vc_custom_1573936501562{margin-bottom: 0px !important;}\u00bb]<\/p>\n<h3 style=\"text-align: justify;\">Los manteles son nuestros mejores aliados a la hora de vestir y presentar nuestra mesa, puede presumir elegancia y marcar una diferencia en esas comidas especiales. La tela del mantel es una cubierta de lino, algod\u00f3n, pl\u00e1stico u otra material y pueden ser llanos o con diferentes dise\u00f1os que se adaptar\u00e1n a la tu mesa y a la ocasi\u00f3n.<\/h3>\n<p>[\/vc_column_text][\/vc_column][vc_column width=\u00bb1\/3&#8243;]\n\n\t\t<div class=\"shortcode_getbowtied_slider swiper-container \" style=\"height:250px; width: 100%\">\n\t\t\t<div class=\"swiper-wrapper\">\n\t\t\t\n\t\t\t<div class=\"swiper-slide center-align\"\n\t\t\tstyle=\t\"background: #ffffff url(https:\/\/www.industriapautex.com\/wp-content\/uploads\/2019\/11\/mantel_dobladillo_azul_pautex.jpg) center center no-repeat ;\n\t\t\t\t\t-webkit-background-size: cover;\n\t\t\t\t\t-moz-background-size: cover;\n\t\t\t\t\t-o-background-size: cover;\n\t\t\t\t\tbackground-size: cover;\n\t\t\t\t\tcolor: #ffffff\">\n\t\t\t\t\n\t\t\t\t<div class=\"slider-content\" data-swiper-parallax=\"-1000\">\n\t\t\t\t\t<div class=\"slider-content-wrapper\">\n\t\t\t\t\t\t\n\t\t\t\t\t\t\n\t\t\t\t\t\t\n\t\t\t\t\t<\/div>\n\t\t\t\t<\/div>\n\t\t\t<\/div>\n\t\t\t<div class=\"swiper-slide center-align\"\n\t\t\tstyle=\t\"background: #ffffff url(https:\/\/www.industriapautex.com\/wp-content\/uploads\/2019\/11\/mantel_llano_blaco_pautex.jpg) center center no-repeat ;\n\t\t\t\t\t-webkit-background-size: cover;\n\t\t\t\t\t-moz-background-size: cover;\n\t\t\t\t\t-o-background-size: cover;\n\t\t\t\t\tbackground-size: cover;\n\t\t\t\t\tcolor: #ffffff\">\n\t\t\t\t\n\t\t\t\t<div class=\"slider-content\" data-swiper-parallax=\"-1000\">\n\t\t\t\t\t<div class=\"slider-content-wrapper\">\n\t\t\t\t\t\t\n\t\t\t\t\t\t\n\t\t\t\t\t\t\n\t\t\t\t\t<\/div>\n\t\t\t\t<\/div>\n\t\t\t<\/div>\n\t\t\t<div class=\"swiper-slide center-align\"\n\t\t\tstyle=\t\"background: #ffffff url(https:\/\/www.industriapautex.com\/wp-content\/uploads\/2019\/11\/mantel_algodon_lino.jpg) center center no-repeat ;\n\t\t\t\t\t-webkit-background-size: cover;\n\t\t\t\t\t-moz-background-size: cover;\n\t\t\t\t\t-o-background-size: cover;\n\t\t\t\t\tbackground-size: cover;\n\t\t\t\t\tcolor: #ffffff\">\n\t\t\t\t\n\t\t\t\t<div class=\"slider-content\" data-swiper-parallax=\"-1000\">\n\t\t\t\t\t<div class=\"slider-content-wrapper\">\n\t\t\t\t\t\t\n\t\t\t\t\t\t\n\t\t\t\t\t\t\n\t\t\t\t\t<\/div>\n\t\t\t\t<\/div>\n\t\t\t<\/div>\n\t\t\t<\/div>\n\t\t\t\t<div class=\"swiper-button-prev\"><\/div>\n    \t\t\t<div class=\"swiper-button-next\"><\/div>\n\t\t\t\t<div class=\"quickview-pagination\"><\/div><\/div>[\/vc_column][\/vc_row][vc_row css=\u00bb.vc_custom_1573933778695{background-color: #ffffff !important;}\u00bb][vc_column width=\u00bb2\/3&#8243;]<h2 class=\"shortcode_title main_font \" style=\"font-size:35px;text-align:center;color:#c21919;\" >Toallas<\/h2>[vc_column_text]<\/p>\n<h3 style=\"text-align: justify;\">Las Toallas son imprescindibles en nuestro hogar, su uso principal es secar la humedad de nuestro cuerpo. Son hechas de tela de algod\u00f3n de textura suave y absorbente, generalmente afelpadas y de distintos tama\u00f1os. Es nuestra mejor aliada ya que nos acompa\u00f1a a la piscina, a la playa, al viajar.<\/h3>\n<p>[\/vc_column_text][\/vc_column][vc_column width=\u00bb1\/3&#8243;][vc_posts_slider type=\u00bbnivo\u00bb count=\u00bb5&#8243; interval=\u00bb3&#8243; order=\u00bbASC\u00bb posttypes=\u00bbproduct\u00bb][\/vc_column][\/vc_row][vc_row][vc_column]\n\t<div class=\"shortcode_getbowtied_blog_posts swiper-container\">\n\t\t<div class=\"swiper-wrapper\">\n\t\t\n            \n            \t\t\n\t                <div class=\"shortcode_blog_posts_item swiper-slide\">\n\t\t\t\t\t\t<div class=\"slide-wrapper\" style=\"\n\t\t\t\t\t\t\tbackground: url(https:\/\/www.industriapautex.com\/wp-content\/uploads\/2019\/11\/estampado_edredon_colorido_pautex.jpg) center center no-repeat;\n                \t\t\t-webkit-background-size: cover;\n\t\t\t\t\t\t\t-moz-background-size: cover;\n\t\t\t\t\t\t\t-o-background-size: cover;\n\t\t\t\t\t\t\tbackground-size: cover;\">\n\t\t\t\t\t\t<\/div>\n\t\t\t\t\t\t<div class=\"text-wrapper\">\n\t                    \t<a class=\"shortcode_blog_posts_link\" href=\"https:\/\/www.industriapautex.com\/index.php\/2019\/11\/16\/1606\/\">\n\t\t\t\t\t\t\t\t<span class=\"shortcode_blog_posts_link_wrapper\">\n\t\t\t\t\t\t\t\t\t<h4 class=\"shortcode_blog_posts_title\">Todo sobre Edredones<\/h4>\n\t\t\t\t\t\t\t\t\t<span class=\"shortcode_blog_posts_date\">16 noviembre, 2019<\/span>\n\t\t\t\t\t\t\t\t<\/span>\n\t\t\t\t\t\t\t<\/a>\n\t\t\t\t\t\t<\/div>\n\n\t                <\/div>\n\n                <\/li>\n\n            \n            \t\t\n\t                <div class=\"shortcode_blog_posts_item swiper-slide\">\n\t\t\t\t\t\t<div class=\"slide-wrapper\" style=\"\n\t\t\t\t\t\t\tbackground: url(https:\/\/www.industriapautex.com\/wp-content\/uploads\/2019\/11\/sabana_blanca_estampada-6.jpg) center center no-repeat;\n                \t\t\t-webkit-background-size: cover;\n\t\t\t\t\t\t\t-moz-background-size: cover;\n\t\t\t\t\t\t\t-o-background-size: cover;\n\t\t\t\t\t\t\tbackground-size: cover;\">\n\t\t\t\t\t\t<\/div>\n\t\t\t\t\t\t<div class=\"text-wrapper\">\n\t                    \t<a class=\"shortcode_blog_posts_link\" href=\"https:\/\/www.industriapautex.com\/index.php\/2019\/11\/13\/todo-lo-que-debes-saber-sobre-sabanas\/\">\n\t\t\t\t\t\t\t\t<span class=\"shortcode_blog_posts_link_wrapper\">\n\t\t\t\t\t\t\t\t\t<h4 class=\"shortcode_blog_posts_title\">Todo sobre S\u00e1banas<\/h4>\n\t\t\t\t\t\t\t\t\t<span class=\"shortcode_blog_posts_date\">13 noviembre, 2019<\/span>\n\t\t\t\t\t\t\t\t<\/span>\n\t\t\t\t\t\t\t<\/a>\n\t\t\t\t\t\t<\/div>\n\n\t                <\/div>\n\n                <\/li>\n\n            \n        \t\t<\/div>\n\t\t\t\t\t<div class=\"swiper-button-prev\"><\/div>\n\t\t\t<div class=\"swiper-button-next\"><\/div>\n\t\t\t\t\t\t\t<div class=\"quickview-pagination\"><\/div>\n\t\t\t<\/div>\n\n\t[\/vc_column][\/vc_row][vc_column width=\u00bb2\/3&#8243;][\/vc_column][vc_row][vc_column][\/vc_column][\/vc_row]<\/p>\n","protected":false},"excerpt":{"rendered":"<p>[vc_row css=\u00bb.vc_custom_1573933778695{background-color: #ffffff !important;}\u00bb][vc_column width=\u00bb2\/3&#8243;][vc_column_text css=\u00bb.vc_custom_1574016716012{margin-bottom: 0px !important;}\u00bb] El edred\u00f3n una prenda acolchada, m\u00e1s o&#8230;<\/p>\n","protected":false},"author":1,"featured_media":0,"parent":0,"menu_order":0,"comment_status":"closed","ping_status":"closed","template":"","meta":{"footnotes":""},"class_list":["post-93","page","type-page","status-publish","hentry"],"_links":{"self":[{"href":"https:\/\/www.industriapautex.com\/index.php\/wp-json\/wp\/v2\/pages\/93","targetHints":{"allow":["GET"]}}],"collection":[{"href":"https:\/\/www.industriapautex.com\/index.php\/wp-json\/wp\/v2\/pages"}],"about":[{"href":"https:\/\/www.industriapautex.com\/index.php\/wp-json\/wp\/v2\/types\/page"}],"author":[{"embeddable":true,"href":"https:\/\/www.industriapautex.com\/index.php\/wp-json\/wp\/v2\/users\/1"}],"replies":[{"embeddable":true,"href":"https:\/\/www.industriapautex.com\/index.php\/wp-json\/wp\/v2\/comments?post=93"}],"version-history":[{"count":94,"href":"https:\/\/www.industriapautex.com\/index.php\/wp-json\/wp\/v2\/pages\/93\/revisions"}],"predecessor-version":[{"id":1300,"href":"https:\/\/www.industriapautex.com\/index.php\/wp-json\/wp\/v2\/pages\/93\/revisions\/1300"}],"wp:attachment":[{"href":"https:\/\/www.industriapautex.com\/index.php\/wp-json\/wp\/v2\/media?parent=93"}],"curies":[{"name":"wp","href":"https:\/\/api.w.org\/{rel}","templated":true}]}}