{"id":95,"date":"2019-10-01T09:00:58","date_gmt":"2019-10-01T14:00:58","guid":{"rendered":"http:\/\/import.getbowtied.com\/merchandiser-v1.1\/?page_id=95"},"modified":"2024-05-10T09:43:36","modified_gmt":"2024-05-10T14:43:36","slug":"contact","status":"publish","type":"page","link":"https:\/\/www.industriapautex.com\/index.php\/contact\/","title":{"rendered":"Contacto"},"content":{"rendered":"<p>[vc_row full_width=\u00bbstretch_row_content\u00bb full_height=\u00bbyes\u00bb css=\u00bb.vc_custom_1574097915486{margin-top: 0px !important;margin-bottom: 0px !important;border-top-width: 0px !important;padding-top: 150px !important;padding-bottom: 0px !important;background-color: #ffffff !important;background-position: center !important;background-repeat: no-repeat !important;background-size: cover !important;border-top-color: #ddc3c3 !important;}\u00bb][vc_column width=\u00bb1\/3&#8243;]<h1 class=\"shortcode_title secondary_font \" style=\"font-size:75px;text-align:center;color:#000000;\" >Cont\u00e1ctenos<\/h1>[vc_column_text css=\u00bb.vc_custom_1715351561209{margin-top: 30px !important;}\u00bb]<\/p>\n<h2 style=\"text-align: center;\">Cac\u00edque \u00c1lvarez 408 y Manab\u00ed<\/h2>\n<h2 style=\"text-align: center;\">Celular: +593 99173251<br \/>\nEmail: industriapautex@gmail.com<\/h2>\n<p>[\/vc_column_text][\/vc_column][vc_column width=\u00bb2\/3&#8243;][vc_gmaps link=\u00bb#E-8_aHR0cHMlM0ElMkYlMkZ3d3cuZ29vZ2xlLmNvbSUyRm1hcHMlMkZwbGFjZSUyRjIlMjVDMiUyNUIwMTElMjc1OS40JTI1MjJTJTJCNzklMjVDMiUyNUIwNTMlMjcxMC44JTI1MjJXJTJGJTQwLTIuMTk5ODIzNyUyQy03OS44ODY5ODA3JTJDMTl6JTJGZGF0YSUzRCUyMTNtMSUyMTRiMSUyMTRtNCUyMTNtMyUyMThtMiUyMTNkLTIuMTk5ODI1JTIxNGQtNzkuODg2MzM3JTNGZW50cnklM0R0dHU=\u00bb css=\u00bb.vc_custom_1715352207818{padding-right: 40px !important;padding-left: 40px !important;background-color: #ffffff !important;}\u00bb title=\u00bbIndustria Pautex\u00bb][\/vc_column][\/vc_row][vc_row][vc_column]<h1 class=\"shortcode_title secondary_font \" style=\"font-size:75px;text-align:center;color:#000000;\" >\u00a1Seamos amigos!<\/h1>\n\t\t    <div class=\"shortcode_socials\">\n\t\t        <ul class=\"mc_social_icons_list center\">\n\n\t\t            \n\t\t                \t\t                    \n\t\t                    <li class=\"mc_social_icon site-social-icons-facebook\">\n\t\t                        <a class=\"mc_social_icon_link\"\n\t\t                        \ttarget=\"_blank\" \n\t\t                        \thref=\"https:\/\/www.facebook.com\/industriapautex\/?modal=admin_todo_tour\">\n\t\t                        \t<svg\n\t\t                        \t\txmlns=\"http:\/\/www.w3.org\/2000\/svg\" x=\"0px\" y=\"0px\"\n\t\t\t\t\t\t\t\t\t\twidth=\"40px\" height=\"40px\"\n\t\t\t\t\t\t\t\t\t\tviewBox=\"0 0 50 50\"\n\t\t\t\t\t\t\t\t\t\tfill=\"#000000\">    \n\t\t\t\t\t\t\t\t\t\t<path d=\"M32,11h5c0.552,0,1-0.448,1-1V3.263c0-0.524-0.403-0.96-0.925-0.997C35.484,2.153,32.376,2,30.141,2C24,2,20,5.68,20,12.368 V19h-7c-0.552,0-1,0.448-1,1v7c0,0.552,0.448,1,1,1h7v19c0,0.552,0.448,1,1,1h7c0.552,0,1-0.448,1-1V28h7.222 c0.51,0,0.938-0.383,0.994-0.89l0.778-7C38.06,19.518,37.596,19,37,19h-8v-5C29,12.343,30.343,11,32,11z\"><\/path>\n\t\t\t\t\t\t\t\t\t<\/svg>\n\t\t                        <\/a>\n\t\t                    <\/li>\n\n\t\t                \n\t\t            \n\t\t                \n\t\t            \n\t\t                \t\t                    \n\t\t                    <li class=\"mc_social_icon site-social-icons-twitter\">\n\t\t                        <a class=\"mc_social_icon_link\"\n\t\t                        \ttarget=\"_blank\" \n\t\t                        \thref=\"https:\/\/twitter.com\/Pautex1\">\n\t\t                        \t<svg\n\t\t                        \t\txmlns=\"http:\/\/www.w3.org\/2000\/svg\" x=\"0px\" y=\"0px\"\n\t\t\t\t\t\t\t\t\t\twidth=\"40px\" height=\"40px\"\n\t\t\t\t\t\t\t\t\t\tviewBox=\"0 0 50 50\"\n\t\t\t\t\t\t\t\t\t\tfill=\"#000000\">    \n\t\t\t\t\t\t\t\t\t\t<path d=\"M 50.0625 10.4375 C 48.214844 11.257813 46.234375 11.808594 44.152344 12.058594 C 46.277344 10.785156 47.910156 8.769531 48.675781 6.371094 C 46.691406 7.546875 44.484375 8.402344 42.144531 8.863281 C 40.269531 6.863281 37.597656 5.617188 34.640625 5.617188 C 28.960938 5.617188 24.355469 10.21875 24.355469 15.898438 C 24.355469 16.703125 24.449219 17.488281 24.625 18.242188 C 16.078125 17.8125 8.503906 13.71875 3.429688 7.496094 C 2.542969 9.019531 2.039063 10.785156 2.039063 12.667969 C 2.039063 16.234375 3.851563 19.382813 6.613281 21.230469 C 4.925781 21.175781 3.339844 20.710938 1.953125 19.941406 C 1.953125 19.984375 1.953125 20.027344 1.953125 20.070313 C 1.953125 25.054688 5.5 29.207031 10.199219 30.15625 C 9.339844 30.390625 8.429688 30.515625 7.492188 30.515625 C 6.828125 30.515625 6.183594 30.453125 5.554688 30.328125 C 6.867188 34.410156 10.664063 37.390625 15.160156 37.472656 C 11.644531 40.230469 7.210938 41.871094 2.390625 41.871094 C 1.558594 41.871094 0.742188 41.824219 -0.0585938 41.726563 C 4.488281 44.648438 9.894531 46.347656 15.703125 46.347656 C 34.617188 46.347656 44.960938 30.679688 44.960938 17.09375 C 44.960938 16.648438 44.949219 16.199219 44.933594 15.761719 C 46.941406 14.3125 48.683594 12.5 50.0625 10.4375 Z \"><\/path>\n\t\t\t\t\t\t\t\t\t<\/svg>\n\t\t                        <\/a>\n\t\t                    <\/li>\n\n\t\t                \n\t\t            \n\t\t                \n\t\t            \n\t\t                \t\t                    \n\t\t                    <li class=\"mc_social_icon site-social-icons-instagram\">\n\t\t                        <a class=\"mc_social_icon_link\"\n\t\t                        \ttarget=\"_blank\" \n\t\t                        \thref=\"https:\/\/www.instagram.com\/industriapautex\/\">\n\t\t                        \t<svg\n\t\t                        \t\txmlns=\"http:\/\/www.w3.org\/2000\/svg\" x=\"0px\" y=\"0px\"\n\t\t\t\t\t\t\t\t\t\twidth=\"40px\" height=\"40px\"\n\t\t\t\t\t\t\t\t\t\tviewBox=\"0 0 50 50\"\n\t\t\t\t\t\t\t\t\t\tfill=\"#000000\">    \n\t\t\t\t\t\t\t\t\t\t<path d=\"M 16 3 C 8.83 3 3 8.83 3 16 L 3 34 C 3 41.17 8.83 47 16 47 L 34 47 C 41.17 47 47 41.17 47 34 L 47 16 C 47 8.83 41.17 3 34 3 L 16 3 z M 37 11 C 38.1 11 39 11.9 39 13 C 39 14.1 38.1 15 37 15 C 35.9 15 35 14.1 35 13 C 35 11.9 35.9 11 37 11 z M 25 14 C 31.07 14 36 18.93 36 25 C 36 31.07 31.07 36 25 36 C 18.93 36 14 31.07 14 25 C 14 18.93 18.93 14 25 14 z M 25 16 C 20.04 16 16 20.04 16 25 C 16 29.96 20.04 34 25 34 C 29.96 34 34 29.96 34 25 C 34 20.04 29.96 16 25 16 z\"><\/path>\n\t\t\t\t\t\t\t\t\t<\/svg>\n\t\t                        <\/a>\n\t\t                    <\/li>\n\n\t\t                \n\t\t            \n\t\t                \n\t\t            \n\t\t                \n\t\t            \n\t\t                \t\t                    \n\t\t                    <li class=\"mc_social_icon site-social-icons-whatsapp\">\n\t\t                        <a class=\"mc_social_icon_link\"\n\t\t                        \ttarget=\"_blank\" \n\t\t                        \thref=\"https:\/\/api.whatsapp.com\/send?phone=593991732051&#038;text=Sigue%20disponible!\">\n\t\t                        \t<svg\n\t\t                        \t\txmlns=\"http:\/\/www.w3.org\/2000\/svg\" x=\"0px\" y=\"0px\"\n\t\t\t\t\t\t\t\t\t\twidth=\"40px\" height=\"40px\"\n\t\t\t\t\t\t\t\t\t\tviewBox=\"0 0 50 50\"\n\t\t\t\t\t\t\t\t\t\tfill=\"#000000\">    \n\t\t\t\t\t\t\t\t\t\t<path d=\"M25,2C12.318,2,2,12.318,2,25c0,3.96,1.023,7.854,2.963,11.29L2.037,46.73c-0.096,0.343-0.003,0.711,0.245,0.966 C2.473,47.893,2.733,48,3,48c0.08,0,0.161-0.01,0.24-0.029l10.896-2.699C17.463,47.058,21.21,48,25,48c12.682,0,23-10.318,23-23 S37.682,2,25,2z M36.57,33.116c-0.492,1.362-2.852,2.605-3.986,2.772c-1.018,0.149-2.306,0.213-3.72-0.231 c-0.857-0.27-1.957-0.628-3.366-1.229c-5.923-2.526-9.791-8.415-10.087-8.804C15.116,25.235,13,22.463,13,19.594 s1.525-4.28,2.067-4.864c0.542-0.584,1.181-0.73,1.575-0.73s0.787,0.005,1.132,0.021c0.363,0.018,0.85-0.137,1.329,1.001 c0.492,1.168,1.673,4.037,1.819,4.33c0.148,0.292,0.246,0.633,0.05,1.022c-0.196,0.389-0.294,0.632-0.59,0.973 s-0.62,0.76-0.886,1.022c-0.296,0.291-0.603,0.606-0.259,1.19c0.344,0.584,1.529,2.493,3.285,4.039 c2.255,1.986,4.158,2.602,4.748,2.894c0.59,0.292,0.935,0.243,1.279-0.146c0.344-0.39,1.476-1.703,1.869-2.286 s0.787-0.487,1.329-0.292c0.542,0.194,3.445,1.604,4.035,1.896c0.59,0.292,0.984,0.438,1.132,0.681 C37.062,30.587,37.062,31.755,36.57,33.116z\"><\/path>\n\t\t\t\t\t\t\t\t\t<\/svg>\n\t\t                        <\/a>\n\t\t                    <\/li>\n\n\t\t                \n\t\t            \n\t\t                \t\t                    \n\t\t                    <li class=\"mc_social_icon site-social-icons-googleplus\">\n\t\t                        <a class=\"mc_social_icon_link\"\n\t\t                        \ttarget=\"_blank\" \n\t\t                        \thref=\"http:\/\/industriapautex@gmail.com\">\n\t\t                        \t<svg\n\t\t                        \t\txmlns=\"http:\/\/www.w3.org\/2000\/svg\" x=\"0px\" y=\"0px\"\n\t\t\t\t\t\t\t\t\t\twidth=\"40px\" height=\"40px\"\n\t\t\t\t\t\t\t\t\t\tviewBox=\"0 0 50 50\"\n\t\t\t\t\t\t\t\t\t\tfill=\"#000000\">    \n\t\t\t\t\t\t\t\t\t\t<path d=\"M 25.996094 48 C 13.3125 48 2.992188 37.683594 2.992188 25 C 2.992188 12.316406 13.3125 2 25.996094 2 C 31.742188 2 37.242188 4.128906 41.488281 7.996094 L 42.261719 8.703125 L 34.675781 16.289063 L 33.972656 15.6875 C 31.746094 13.78125 28.914063 12.730469 25.996094 12.730469 C 19.230469 12.730469 13.722656 18.234375 13.722656 25 C 13.722656 31.765625 19.230469 37.269531 25.996094 37.269531 C 30.875 37.269531 34.730469 34.777344 36.546875 30.53125 L 24.996094 30.53125 L 24.996094 20.175781 L 47.546875 20.207031 L 47.714844 21 C 48.890625 26.582031 47.949219 34.792969 43.183594 40.667969 C 39.238281 45.53125 33.457031 48 25.996094 48 Z \"><\/path>\n\t\t\t\t\t\t\t\t\t<\/svg>\n\t\t                        <\/a>\n\t\t                    <\/li>\n\n\t\t                \n\t\t            \n\t\t                \n\t\t            \n\t\t                \n\t\t            \n\t\t                \n\t\t            \n\t\t                \n\t\t            \n\t\t                \n\t\t            \n\t\t                \n\t\t            \n\t\t                \n\t\t            \n\t\t                \n\t\t            \n\t\t                \n\t\t            \n\t\t                \n\t\t            \n\t\t                \n\t\t            \n\t\t                \n\t\t            \n\t\t                \n\t\t            \n\t\t                \n\t\t            \n\t\t                \n\t\t            \n\t\t                \n\t\t            \n\t\t                \n\t\t            \n\t\t                \n\t\t            \n\t\t                \n\t\t            \n\t\t                \n\t\t            \n\t\t                \n\t\t            \n\t\t                \n\t\t            \n\t\t        <\/ul>\n\t\t    <\/div>\n\t\t    \n\t\t    [\/vc_column][\/vc_row]<\/p>\n","protected":false},"excerpt":{"rendered":"<p>[vc_row full_width=\u00bbstretch_row_content\u00bb full_height=\u00bbyes\u00bb css=\u00bb.vc_custom_1574097915486{margin-top: 0px !important;margin-bottom: 0px !important;border-top-width: 0px !important;padding-top: 150px !important;padding-bottom: 0px !important;background-color: #ffffff&#8230;<\/p>\n","protected":false},"author":1,"featured_media":0,"parent":0,"menu_order":0,"comment_status":"closed","ping_status":"closed","template":"","meta":{"footnotes":""},"class_list":["post-95","page","type-page","status-publish","hentry"],"_links":{"self":[{"href":"https:\/\/www.industriapautex.com\/index.php\/wp-json\/wp\/v2\/pages\/95","targetHints":{"allow":["GET"]}}],"collection":[{"href":"https:\/\/www.industriapautex.com\/index.php\/wp-json\/wp\/v2\/pages"}],"about":[{"href":"https:\/\/www.industriapautex.com\/index.php\/wp-json\/wp\/v2\/types\/page"}],"author":[{"embeddable":true,"href":"https:\/\/www.industriapautex.com\/index.php\/wp-json\/wp\/v2\/users\/1"}],"replies":[{"embeddable":true,"href":"https:\/\/www.industriapautex.com\/index.php\/wp-json\/wp\/v2\/comments?post=95"}],"version-history":[{"count":25,"href":"https:\/\/www.industriapautex.com\/index.php\/wp-json\/wp\/v2\/pages\/95\/revisions"}],"predecessor-version":[{"id":1682,"href":"https:\/\/www.industriapautex.com\/index.php\/wp-json\/wp\/v2\/pages\/95\/revisions\/1682"}],"wp:attachment":[{"href":"https:\/\/www.industriapautex.com\/index.php\/wp-json\/wp\/v2\/media?parent=95"}],"curies":[{"name":"wp","href":"https:\/\/api.w.org\/{rel}","templated":true}]}}