{"id":878,"date":"2019-11-08T23:17:40","date_gmt":"2019-11-09T04:17:40","guid":{"rendered":"http:\/\/www.industriapautex.com\/?post_type=product&#038;p=878"},"modified":"2019-11-10T18:40:13","modified_gmt":"2019-11-10T23:40:13","slug":"ed-015","status":"publish","type":"product","link":"https:\/\/www.industriapautex.com\/index.php\/producto\/ed-015\/","title":{"rendered":"ED-015"},"content":{"rendered":"","protected":false},"excerpt":{"rendered":"<ul class=\"a-unordered-list a-vertical a-spacing-none\">\n<li>Incluye funda de edred\u00f3n y 2 fundas de almohada.<\/li>\n<li>Este juego est\u00e1 embalado de manera pr\u00e1ctica y quedar\u00e1 perfecto en tu habitaci\u00f3n.<\/li>\n<li>Tejido de 100% microfibra de poli\u00e9ster, por lo que la textura es suave.<\/li>\n<\/ul>\n","protected":false},"featured_media":1065,"comment_status":"open","ping_status":"closed","template":"","meta":[],"class_list":["post-878","product","type-product","status-publish","has-post-thumbnail","hentry","product_cat-edredones","product_tag-comodidad","product_tag-edredon","product_tag-estilos","product_tag-ropa-de-cama","product_tag-suavidad"],"_links":{"self":[{"href":"https:\/\/www.industriapautex.com\/index.php\/wp-json\/wp\/v2\/product\/878","targetHints":{"allow":["GET"]}}],"collection":[{"href":"https:\/\/www.industriapautex.com\/index.php\/wp-json\/wp\/v2\/product"}],"about":[{"href":"https:\/\/www.industriapautex.com\/index.php\/wp-json\/wp\/v2\/types\/product"}],"replies":[{"embeddable":true,"href":"https:\/\/www.industriapautex.com\/index.php\/wp-json\/wp\/v2\/comments?post=878"}],"wp:featuredmedia":[{"embeddable":true,"href":"https:\/\/www.industriapautex.com\/index.php\/wp-json\/wp\/v2\/media\/1065"}],"wp:attachment":[{"href":"https:\/\/www.industriapautex.com\/index.php\/wp-json\/wp\/v2\/media?parent=878"}],"curies":[{"name":"wp","href":"https:\/\/api.w.org\/{rel}","templated":true}]}}